{"id":678,"date":"2026-02-17T03:59:28","date_gmt":"2026-02-17T00:59:28","guid":{"rendered":"http:\/\/localhost\/?page_id=678"},"modified":"2026-02-17T05:59:23","modified_gmt":"2026-02-17T02:59:23","slug":"emisyon-olcum-hizmetleri","status":"publish","type":"page","link":"https:\/\/www.elverdimuhendislik.com.tr\/index.php\/emisyon-olcum-hizmetleri\/","title":{"rendered":"EM\u0130SYON \u00d6L\u00c7\u00dcM H\u0130ZMETLER\u0130"},"content":{"rendered":"\n\n","protected":false},"excerpt":{"rendered":"","protected":false},"author":1,"featured_media":0,"parent":0,"menu_order":0,"comment_status":"closed","ping_status":"closed","template":"full-width","meta":{"saved_in_kubio":true,"footnotes":""},"class_list":["post-678","page","type-page","status-publish","hentry"],"kubio_ai_page_context":{"short_desc":"","purpose":"general"},"_links":{"self":[{"href":"https:\/\/www.elverdimuhendislik.com.tr\/index.php\/wp-json\/wp\/v2\/pages\/678","targetHints":{"allow":["GET"]}}],"collection":[{"href":"https:\/\/www.elverdimuhendislik.com.tr\/index.php\/wp-json\/wp\/v2\/pages"}],"about":[{"href":"https:\/\/www.elverdimuhendislik.com.tr\/index.php\/wp-json\/wp\/v2\/types\/page"}],"author":[{"embeddable":true,"href":"https:\/\/www.elverdimuhendislik.com.tr\/index.php\/wp-json\/wp\/v2\/users\/1"}],"replies":[{"embeddable":true,"href":"https:\/\/www.elverdimuhendislik.com.tr\/index.php\/wp-json\/wp\/v2\/comments?post=678"}],"version-history":[{"count":4,"href":"https:\/\/www.elverdimuhendislik.com.tr\/index.php\/wp-json\/wp\/v2\/pages\/678\/revisions"}],"predecessor-version":[{"id":812,"href":"https:\/\/www.elverdimuhendislik.com.tr\/index.php\/wp-json\/wp\/v2\/pages\/678\/revisions\/812"}],"wp:attachment":[{"href":"https:\/\/www.elverdimuhendislik.com.tr\/index.php\/wp-json\/wp\/v2\/media?parent=678"}],"curies":[{"name":"wp","href":"https:\/\/api.w.org\/{rel}","templated":true}]}}