{"id":666,"date":"2026-02-17T03:59:28","date_gmt":"2026-02-17T00:59:28","guid":{"rendered":"http:\/\/localhost\/?page_id=666"},"modified":"2026-02-17T05:58:09","modified_gmt":"2026-02-17T02:58:09","slug":"cevre-danismanligi","status":"publish","type":"page","link":"https:\/\/www.elverdimuhendislik.com.tr\/index.php\/cevre-danismanligi\/","title":{"rendered":"\u00c7evre Dan\u0131\u015fmanl\u0131\u011f\u0131"},"content":{"rendered":"\n\n","protected":false},"excerpt":{"rendered":"","protected":false},"author":1,"featured_media":0,"parent":0,"menu_order":0,"comment_status":"closed","ping_status":"closed","template":"full-width","meta":{"saved_in_kubio":true,"footnotes":""},"class_list":["post-666","page","type-page","status-publish","hentry"],"kubio_ai_page_context":{"short_desc":"","purpose":"general"},"_links":{"self":[{"href":"https:\/\/www.elverdimuhendislik.com.tr\/index.php\/wp-json\/wp\/v2\/pages\/666","targetHints":{"allow":["GET"]}}],"collection":[{"href":"https:\/\/www.elverdimuhendislik.com.tr\/index.php\/wp-json\/wp\/v2\/pages"}],"about":[{"href":"https:\/\/www.elverdimuhendislik.com.tr\/index.php\/wp-json\/wp\/v2\/types\/page"}],"author":[{"embeddable":true,"href":"https:\/\/www.elverdimuhendislik.com.tr\/index.php\/wp-json\/wp\/v2\/users\/1"}],"replies":[{"embeddable":true,"href":"https:\/\/www.elverdimuhendislik.com.tr\/index.php\/wp-json\/wp\/v2\/comments?post=666"}],"version-history":[{"count":4,"href":"https:\/\/www.elverdimuhendislik.com.tr\/index.php\/wp-json\/wp\/v2\/pages\/666\/revisions"}],"predecessor-version":[{"id":806,"href":"https:\/\/www.elverdimuhendislik.com.tr\/index.php\/wp-json\/wp\/v2\/pages\/666\/revisions\/806"}],"wp:attachment":[{"href":"https:\/\/www.elverdimuhendislik.com.tr\/index.php\/wp-json\/wp\/v2\/media?parent=666"}],"curies":[{"name":"wp","href":"https:\/\/api.w.org\/{rel}","templated":true}]}}